{"id":948,"date":"2020-05-20T18:54:31","date_gmt":"2020-05-20T18:54:31","guid":{"rendered":"https:\/\/qualitecelevadores.com.br\/Site\/?page_id=948"},"modified":"2020-05-22T20:36:34","modified_gmt":"2020-05-22T20:36:34","slug":"orcamento","status":"publish","type":"page","link":"https:\/\/qualitecelevadores.com.br\/Site\/orcamento\/","title":{"rendered":"Or\u00e7amento"},"content":{"rendered":"<p>[vc_row][vc_column width=&#8221;2\/3&#8243; css=&#8221;.vc_custom_1590178710429{background-color: #9eafbf !important;}&#8221;][vc_column_text]<\/p>\n<p style=\"text-align: center;\">Para solicitar um or\u00e7amento. Preencha o formul\u00e1rio abaixo: Em caso de d\u00favidas entre em contato <a href=\"https:\/\/qualitecelevadores.com.br\/Site\/contato\/\"><strong>clicando aqui.<\/strong><\/a><\/p>\n<p>[\/vc_column_text][vc_column_text css=&#8221;.vc_custom_1590179792720{padding-top: 0px !important;padding-right: 200px !important;padding-bottom: 50px !important;padding-left: 200px !important;background-color: #ffffff !important;}&#8221;]<div role=\"form\" class=\"wpcf7\" id=\"wpcf7-f1095-o1\" lang=\"pt-BR\" dir=\"ltr\">\n<div class=\"screen-reader-response\" aria-live=\"polite\"><\/div>\n<form action=\"\/Site\/wp-json\/wp\/v2\/pages\/948#wpcf7-f1095-o1\" method=\"post\" class=\"wpcf7-form\" novalidate=\"novalidate\">\n<div style=\"display: none;\">\n<input type=\"hidden\" name=\"_wpcf7\" value=\"1095\" \/>\n<input type=\"hidden\" name=\"_wpcf7_version\" value=\"5.1.9\" \/>\n<input type=\"hidden\" name=\"_wpcf7_locale\" value=\"pt_BR\" \/>\n<input type=\"hidden\" name=\"_wpcf7_unit_tag\" value=\"wpcf7-f1095-o1\" \/>\n<input type=\"hidden\" name=\"_wpcf7_container_post\" value=\"0\" \/>\n<\/div>\n<p><html><br \/>\n<body bgcolor=\"white\" text=\"black\" link=\"blue\" vlink=\"purple\" alink=\"red\"><\/p>\n<p style=\"line-height:130%;\"><span style=\"font-size:12pt;\"><font color=\"black\">Seu nome*<\/font><\/span><\/p>\n<p style=\"line-height:130%;\"><span style=\"font-size:12pt;\"><font color=\"black\"><span class=\"wpcf7-form-control-wrap seu-nome\"><input type=\"text\" name=\"seu-nome\" value=\"\" size=\"40\" class=\"wpcf7-form-control wpcf7-text wpcf7-validates-as-required\" aria-required=\"true\" aria-invalid=\"false\" \/><\/span><\/font><\/span><\/p>\n<p style=\"line-height:130%;\"><span style=\"font-size:12pt;\"><font color=\"black\">Seu e-mail*<\/font><\/span><\/p>\n<p style=\"line-height:130%;\"><span style=\"font-size:12pt;\"><font color=\"black\"><span class=\"wpcf7-form-control-wrap seu-email\"><input type=\"email\" name=\"seu-email\" value=\"\" size=\"40\" class=\"wpcf7-form-control wpcf7-text wpcf7-email wpcf7-validates-as-required wpcf7-validates-as-email\" aria-required=\"true\" aria-invalid=\"false\" \/><\/span><\/font><\/span><\/p>\n<p style=\"line-height:130%;\"><span style=\"font-size:12pt;\"><font color=\"black\">Telefone*<\/font><\/span><\/p>\n<p style=\"line-height:130%;\"><span style=\"font-size:12pt;\"><font color=\"black\"><span class=\"wpcf7-form-control-wrap seu-telefone\"><input type=\"text\" name=\"seu-telefone\" value=\"\" size=\"40\" class=\"wpcf7-form-control wpcf7-text wpcf7-validates-as-required\" aria-required=\"true\" aria-invalid=\"false\" \/><\/span><\/font><\/span><font color=\"black\"><\/font><\/p>\n<p style=\"line-height:130%;\"><span style=\"font-size:12pt;\"><font color=\"black\">Cidade*<\/font><\/span><\/p>\n<p style=\"line-height:130%;\"><span style=\"font-size:12pt;\"><font color=\"black\">&nbsp;<span class=\"wpcf7-form-control-wrap sua-cidade\"><input type=\"text\" name=\"sua-cidade\" value=\"\" size=\"40\" class=\"wpcf7-form-control wpcf7-text wpcf7-validates-as-required\" aria-required=\"true\" aria-invalid=\"false\" \/><\/span><\/font><\/span><font color=\"black\"><\/font><\/p>\n<p style=\"line-height:130%;\"><span style=\"font-size:12pt;\"><font color=\"black\">Quantidade de Elevadores*<\/font><\/span><\/p>\n<p style=\"line-height:130%;\"><span style=\"font-size:12pt;\"><font color=\"black\">&nbsp;<span class=\"wpcf7-form-control-wrap quantidade-elevadores\"><input type=\"text\" name=\"quantidade-elevadores\" value=\"\" size=\"40\" class=\"wpcf7-form-control wpcf7-text wpcf7-validates-as-required\" aria-required=\"true\" aria-invalid=\"false\" \/><\/span><\/font><\/span><font color=\"black\"><\/font><\/p>\n<p style=\"line-height:130%;\"><span style=\"font-size:12pt;\"><font color=\"black\">Marca do Elevador<\/font><\/span><\/p>\n<p style=\"line-height:130%;\"><span style=\"font-size:12pt;\"><font color=\"black\"><span class=\"wpcf7-form-control-wrap marca-elevador\"><input type=\"text\" name=\"marca-elevador\" value=\"\" size=\"40\" class=\"wpcf7-form-control wpcf7-text\" aria-invalid=\"false\" \/><\/span><\/font><\/span><font color=\"black\"><\/font><\/p>\n<p style=\"line-height:130%;\"><span style=\"font-size:12pt;\"><font color=\"black\">Sua mensagem ( Opcional )<\/font><\/span><\/p>\n<p style=\"line-height:130%;\"><span style=\"font-size:12pt;\"><font color=\"black\"><span class=\"wpcf7-form-control-wrap sua-mensagem\"><textarea name=\"sua-mensagem\" cols=\"40\" rows=\"10\" class=\"wpcf7-form-control wpcf7-textarea\" aria-invalid=\"false\"><\/textarea><\/span><\/font><\/span><\/p>\n<p style=\"line-height:130%;\"><span style=\"font-size:12pt;\"><font color=\"black\"><input type=\"submit\" value=\"Enviar\" class=\"wpcf7-form-control wpcf7-submit\" \/><\/font><\/span><\/p>\n<p><\/body><br \/>\n<\/html><\/p>\n<div class=\"wpcf7-response-output wpcf7-display-none\" aria-hidden=\"true\"><\/div><\/form><\/div>[\/vc_column_text][\/vc_column][vc_column width=&#8221;1\/3&#8243;]<div id='ins-heading-69d03166842db' class='section-heading ins-heading text-center enable-border   ins-animated fadeIn'  style='margin-top:0; margin-bottom:0'><h4 class=' section-heading-title  default no-letter-spacing '><\/p>\n<h4 class=\" section-heading-title default no-letter-spacing \">Selo de Qualidade!<\/h4>\n<p><\/h4><\/div><script type=\"text\/javascript\">\n\t\t(function(jQuery) {jQuery(\"head\").append(\"<style>#ins-heading-69d03166842db .section-heading-subtitle {font-size: 14px; line-height: 26px;}<\/style>\")\n\t\t\t\t\t})(jQuery);\n\t\t\t\t\t\t<\/script>[vc_single_image image=&#8221;1083&#8243; img_size=&#8221;275&#215;300&#8243; alignment=&#8221;center&#8221; css_animation=&#8221;fadeIn&#8221;][\/vc_column][\/vc_row]<\/p>\n","protected":false},"excerpt":{"rendered":"<p>[vc_row][vc_column width=&#8221;2\/3&#8243; css=&#8221;.vc_custom_1590178710429{background-color: #9eafbf !important;}&#8221;][vc_column_text] Para solicitar um or\u00e7amento. Preencha o formul\u00e1rio abaixo: Em caso de d\u00favidas entre em contato<\/p>\n","protected":false},"author":1,"featured_media":0,"parent":0,"menu_order":0,"comment_status":"closed","ping_status":"closed","template":"","meta":[],"_links":{"self":[{"href":"https:\/\/qualitecelevadores.com.br\/Site\/wp-json\/wp\/v2\/pages\/948"}],"collection":[{"href":"https:\/\/qualitecelevadores.com.br\/Site\/wp-json\/wp\/v2\/pages"}],"about":[{"href":"https:\/\/qualitecelevadores.com.br\/Site\/wp-json\/wp\/v2\/types\/page"}],"author":[{"embeddable":true,"href":"https:\/\/qualitecelevadores.com.br\/Site\/wp-json\/wp\/v2\/users\/1"}],"replies":[{"embeddable":true,"href":"https:\/\/qualitecelevadores.com.br\/Site\/wp-json\/wp\/v2\/comments?post=948"}],"version-history":[{"count":18,"href":"https:\/\/qualitecelevadores.com.br\/Site\/wp-json\/wp\/v2\/pages\/948\/revisions"}],"predecessor-version":[{"id":1106,"href":"https:\/\/qualitecelevadores.com.br\/Site\/wp-json\/wp\/v2\/pages\/948\/revisions\/1106"}],"wp:attachment":[{"href":"https:\/\/qualitecelevadores.com.br\/Site\/wp-json\/wp\/v2\/media?parent=948"}],"curies":[{"name":"wp","href":"https:\/\/api.w.org\/{rel}","templated":true}]}}