{"id":943,"date":"2020-05-20T18:52:07","date_gmt":"2020-05-20T18:52:07","guid":{"rendered":"https:\/\/qualitecelevadores.com.br\/Site\/?page_id=943"},"modified":"2020-05-29T19:56:56","modified_gmt":"2020-05-29T19:56:56","slug":"modernizacao-parcial","status":"publish","type":"page","link":"https:\/\/qualitecelevadores.com.br\/Site\/modernizacao-parcial\/","title":{"rendered":"Moderniza\u00e7\u00e3o Parcial"},"content":{"rendered":"<p>[vc_row][vc_column width=&#8221;2\/3&#8243;][vc_column_text]Com a moderniza\u00e7\u00e3o o condominio tem alguns benef\u00edcios, como redu\u00e7\u00e3o de at\u00e9 40% no consumo de energia, valoriza\u00e7\u00e3o de seu im\u00f3vel, conforto e dentre outras.[\/vc_column_text][\/vc_column][vc_column width=&#8221;1\/3&#8243;]<div id='ins-heading-69d033674ceb0' class='section-heading ins-heading text-center enable-border   '  style='margin-top:0; margin-bottom:0'><h4 class=' section-heading-title  default no-letter-spacing '><\/p>\n<h4 class=\" section-heading-title default no-letter-spacing \">Selo de Qualidade!<\/h4>\n<p><\/h4><\/div><script type=\"text\/javascript\">\n\t\t(function(jQuery) {jQuery(\"head\").append(\"<style>#ins-heading-69d033674ceb0 .section-heading-subtitle {font-size: 14px; line-height: 26px;}<\/style>\")\n\t\t\t\t\t})(jQuery);\n\t\t\t\t\t\t<\/script>[vc_single_image image=&#8221;1083&#8243; img_size=&#8221;275&#215;300&#8243; alignment=&#8221;center&#8221; css_animation=&#8221;bounceIn&#8221;][\/vc_column][\/vc_row]<\/p>\n","protected":false},"excerpt":{"rendered":"<p>[vc_row][vc_column width=&#8221;2\/3&#8243;][vc_column_text]Com a moderniza\u00e7\u00e3o o condominio tem alguns benef\u00edcios, como redu\u00e7\u00e3o de at\u00e9 40% no consumo de energia, valoriza\u00e7\u00e3o de<\/p>\n","protected":false},"author":1,"featured_media":0,"parent":0,"menu_order":0,"comment_status":"closed","ping_status":"closed","template":"","meta":[],"_links":{"self":[{"href":"https:\/\/qualitecelevadores.com.br\/Site\/wp-json\/wp\/v2\/pages\/943"}],"collection":[{"href":"https:\/\/qualitecelevadores.com.br\/Site\/wp-json\/wp\/v2\/pages"}],"about":[{"href":"https:\/\/qualitecelevadores.com.br\/Site\/wp-json\/wp\/v2\/types\/page"}],"author":[{"embeddable":true,"href":"https:\/\/qualitecelevadores.com.br\/Site\/wp-json\/wp\/v2\/users\/1"}],"replies":[{"embeddable":true,"href":"https:\/\/qualitecelevadores.com.br\/Site\/wp-json\/wp\/v2\/comments?post=943"}],"version-history":[{"count":6,"href":"https:\/\/qualitecelevadores.com.br\/Site\/wp-json\/wp\/v2\/pages\/943\/revisions"}],"predecessor-version":[{"id":1135,"href":"https:\/\/qualitecelevadores.com.br\/Site\/wp-json\/wp\/v2\/pages\/943\/revisions\/1135"}],"wp:attachment":[{"href":"https:\/\/qualitecelevadores.com.br\/Site\/wp-json\/wp\/v2\/media?parent=943"}],"curies":[{"name":"wp","href":"https:\/\/api.w.org\/{rel}","templated":true}]}}