{"id":941,"date":"2020-05-20T18:51:35","date_gmt":"2020-05-20T18:51:35","guid":{"rendered":"https:\/\/qualitecelevadores.com.br\/Site\/?page_id=941"},"modified":"2020-05-21T22:11:22","modified_gmt":"2020-05-21T22:11:22","slug":"manutencao-preventiva","status":"publish","type":"page","link":"https:\/\/qualitecelevadores.com.br\/Site\/manutencao-preventiva\/","title":{"rendered":"Manuten\u00e7\u00e3o Preventiva"},"content":{"rendered":"<p>[vc_row][vc_column width=&#8221;2\/3&#8243;][vc_column_text]<b>Conhe\u00e7a os nossos servi\u00e7os de manuten\u00e7\u00e3o preventiva.<\/b><\/p>\n<p>Nosso Atendimento Avan\u00e7ado oferece o melhor servi\u00e7o de manuten\u00e7\u00e3o preventiva e corretiva para elevadores de todas as marcas.\u00a0Al\u00e9m de conhecerem profundamente o produto, nossos t\u00e9cnicos contam com toda a infraestrutura de uma empresa estruturada, o que nos permite oferecer aos clientes um servi\u00e7o de qualidade, com garantia de atendimento r\u00e1pido e solu\u00e7\u00f5es imediatas.<\/p>\n<p>Essa manuten\u00e7\u00e3o preventiva \u00e9 realizada uma vez por m\u00eas, o que nos permite uma redu\u00e7\u00e3o significante para o cliente nas ocorr\u00eancias corretivas. A preocupa\u00e7\u00e3o com a seguran\u00e7a das pessoas que utilizam nossos produtos e servi\u00e7os \u00e9 o que nos move em dire\u00e7\u00e3o \u00e0 inova\u00e7\u00e3o. \u00c9 o que nos inspira a oferecer ao mercado a melhor estrutura em manuten\u00e7\u00e3o e as melhores solu\u00e7\u00f5es em transporte vertical.<\/p>\n<p>\u201cCabe ao s\u00edndico, ou respons\u00e1vel pelo Condom\u00ednio, verificar se a empresa de manuten\u00e7\u00e3o atende todos os requisitos t\u00e9cnicos e legais. \u201d Aryon Uch\u00f4a \u2013 Gerente geral das torres comerciais do Complexo Brasil 21 (DF)<\/p>\n<p>A Qualitec Elevadores garante manuten\u00e7\u00e3o bem executada e seguran\u00e7a aos usu\u00e1rios dos elevadores.<\/p>\n<p><b>Nossa <\/b><b>manuten\u00e7\u00e3o preventiva \u00e9 focada na seguran\u00e7a das pessoas e no perfeito funcionamento dos equipamentos. Para isso, t\u00e9cnicos do Atendimento Avan\u00e7ado obedecem a um rigoroso plano estabelecido por nossos engenheiros, que definem, m\u00eas a m\u00eas, os itens a serem checados.<\/b>[\/vc_column_text][\/vc_column][vc_column width=&#8221;1\/3&#8243;][vc_single_image image=&#8221;1039&#8243; img_size=&#8221;350&#215;350&#8243; alignment=&#8221;center&#8221;]<div id='ins-heading-69d033084afe7' class='section-heading ins-heading text-center enable-border   '  style='margin-top:0; margin-bottom:0'><h4 class=' section-heading-title  default no-letter-spacing '>Veja nosso Selo de Qualidade<\/h4><\/div><script type=\"text\/javascript\">\n\t\t(function(jQuery) {jQuery(\"head\").append(\"<style>#ins-heading-69d033084afe7 .section-heading-subtitle {font-size: 14px; line-height: 26px;}<\/style>\")\n\t\t\t\t\t})(jQuery);\n\t\t\t\t\t\t<\/script>[vc_single_image image=&#8221;1083&#8243; img_size=&#8221;275&#215;300&#8243; alignment=&#8221;center&#8221; css_animation=&#8221;fadeIn&#8221;][\/vc_column][\/vc_row]<\/p>\n","protected":false},"excerpt":{"rendered":"<p>[vc_row][vc_column width=&#8221;2\/3&#8243;][vc_column_text]Conhe\u00e7a os nossos servi\u00e7os de manuten\u00e7\u00e3o preventiva. Nosso Atendimento Avan\u00e7ado oferece o melhor servi\u00e7o de manuten\u00e7\u00e3o preventiva e corretiva<\/p>\n","protected":false},"author":1,"featured_media":0,"parent":0,"menu_order":0,"comment_status":"closed","ping_status":"closed","template":"","meta":[],"_links":{"self":[{"href":"https:\/\/qualitecelevadores.com.br\/Site\/wp-json\/wp\/v2\/pages\/941"}],"collection":[{"href":"https:\/\/qualitecelevadores.com.br\/Site\/wp-json\/wp\/v2\/pages"}],"about":[{"href":"https:\/\/qualitecelevadores.com.br\/Site\/wp-json\/wp\/v2\/types\/page"}],"author":[{"embeddable":true,"href":"https:\/\/qualitecelevadores.com.br\/Site\/wp-json\/wp\/v2\/users\/1"}],"replies":[{"embeddable":true,"href":"https:\/\/qualitecelevadores.com.br\/Site\/wp-json\/wp\/v2\/comments?post=941"}],"version-history":[{"count":7,"href":"https:\/\/qualitecelevadores.com.br\/Site\/wp-json\/wp\/v2\/pages\/941\/revisions"}],"predecessor-version":[{"id":1086,"href":"https:\/\/qualitecelevadores.com.br\/Site\/wp-json\/wp\/v2\/pages\/941\/revisions\/1086"}],"wp:attachment":[{"href":"https:\/\/qualitecelevadores.com.br\/Site\/wp-json\/wp\/v2\/media?parent=941"}],"curies":[{"name":"wp","href":"https:\/\/api.w.org\/{rel}","templated":true}]}}