{"id":939,"date":"2020-05-20T18:50:21","date_gmt":"2020-05-20T18:50:21","guid":{"rendered":"https:\/\/qualitecelevadores.com.br\/Site\/?page_id=939"},"modified":"2020-05-21T22:10:25","modified_gmt":"2020-05-21T22:10:25","slug":"manutencao-corretiva","status":"publish","type":"page","link":"https:\/\/qualitecelevadores.com.br\/Site\/manutencao-corretiva\/","title":{"rendered":"Manuten\u00e7\u00e3o Corretiva"},"content":{"rendered":"<p>[vc_row][vc_column width=&#8221;2\/3&#8243;][vc_column_text]<\/p>\n<p style=\"text-align: center;\">Mesmo com a manuten\u00e7\u00e3o preventiva em dia, o elevador pode eventualmente apresentar algum tipo de problema. Para resolver esses casos com prontid\u00e3o, temos uma equipe dispon\u00edvel e treinada para colocar em a\u00e7\u00e3o a Manuten\u00e7\u00e3o Corretiva. Dentro de prazos defendidos em contrato.<\/p>\n<p>[\/vc_column_text][\/vc_column][vc_column width=&#8221;1\/3&#8243;][vc_single_image image=&#8221;1035&#8243; img_size=&#8221;350&#215;350&#8243;]<div id='ins-heading-69d0331b945bb' class='section-heading ins-heading text-center enable-border   '  style='margin-top:0; margin-bottom:0'><h4 class=' section-heading-title  default no-letter-spacing '><\/p>\n<h4 class=\" section-heading-title default no-letter-spacing \">Selo de Qualidade!<\/h4>\n<p><\/h4><\/div><script type=\"text\/javascript\">\n\t\t(function(jQuery) {jQuery(\"head\").append(\"<style>#ins-heading-69d0331b945bb .section-heading-subtitle {font-size: 14px; line-height: 26px;}<\/style>\")\n\t\t\t\t\t})(jQuery);\n\t\t\t\t\t\t<\/script>[vc_single_image image=&#8221;1079&#8243; img_size=&#8221;275&#215;300&#8243; alignment=&#8221;center&#8221; css_animation=&#8221;fadeIn&#8221;][\/vc_column][\/vc_row]<\/p>\n","protected":false},"excerpt":{"rendered":"<p>[vc_row][vc_column width=&#8221;2\/3&#8243;][vc_column_text] Mesmo com a manuten\u00e7\u00e3o preventiva em dia, o elevador pode eventualmente apresentar algum tipo de problema. Para resolver<\/p>\n","protected":false},"author":1,"featured_media":0,"parent":0,"menu_order":0,"comment_status":"closed","ping_status":"closed","template":"","meta":[],"_links":{"self":[{"href":"https:\/\/qualitecelevadores.com.br\/Site\/wp-json\/wp\/v2\/pages\/939"}],"collection":[{"href":"https:\/\/qualitecelevadores.com.br\/Site\/wp-json\/wp\/v2\/pages"}],"about":[{"href":"https:\/\/qualitecelevadores.com.br\/Site\/wp-json\/wp\/v2\/types\/page"}],"author":[{"embeddable":true,"href":"https:\/\/qualitecelevadores.com.br\/Site\/wp-json\/wp\/v2\/users\/1"}],"replies":[{"embeddable":true,"href":"https:\/\/qualitecelevadores.com.br\/Site\/wp-json\/wp\/v2\/comments?post=939"}],"version-history":[{"count":6,"href":"https:\/\/qualitecelevadores.com.br\/Site\/wp-json\/wp\/v2\/pages\/939\/revisions"}],"predecessor-version":[{"id":1085,"href":"https:\/\/qualitecelevadores.com.br\/Site\/wp-json\/wp\/v2\/pages\/939\/revisions\/1085"}],"wp:attachment":[{"href":"https:\/\/qualitecelevadores.com.br\/Site\/wp-json\/wp\/v2\/media?parent=939"}],"curies":[{"name":"wp","href":"https:\/\/api.w.org\/{rel}","templated":true}]}}