{"id":935,"date":"2019-10-21T10:38:31","date_gmt":"2019-10-21T10:38:31","guid":{"rendered":"https:\/\/insigniathemes.in\/inotura\/pharmacy\/?page_id=4"},"modified":"2026-02-23T13:32:23","modified_gmt":"2026-02-23T13:32:23","slug":"pharmacy","status":"publish","type":"page","link":"https:\/\/qualitecelevadores.com.br\/Site\/","title":{"rendered":"Home"},"content":{"rendered":"<p>[vc_row full_width=&#8221;stretch_row_content_no_spaces&#8221;][vc_column][vc_column_text]<div id=\"metaslider-id-1111\" style=\"width: 100%;\" class=\"ml-slider-3-16-4 metaslider metaslider-nivo metaslider-1111 ml-slider\">\n    <div id=\"metaslider_container_1111\">\n        <div class='slider-wrapper theme-default'><div class='ribbon'><\/div><div id='metaslider_1111' class='nivoSlider'><img src=\"https:\/\/qualitecelevadores.com.br\/Site\/wp-content\/uploads\/2020\/05\/motor-do-elevador-1024x768-1-1024x300.jpg\" height=\"300\" width=\"1024\" title=\"motor-do-elevador-1024x768\" alt=\"\" class=\"slider-1111 slide-1113\" \/><img src=\"https:\/\/qualitecelevadores.com.br\/Site\/wp-content\/uploads\/2020\/05\/manutencao-elevadores-rj-3-800x234.jpg\" height=\"300\" width=\"1024\" title=\"Elevadores Modernos\" alt=\"Elevadores Modernos\" class=\"slider-1111 slide-1116\" \/><\/div><\/div>\n        \n    <\/div>\n<\/div>[\/vc_column_text][\/vc_column][\/vc_row][vc_row css=&#8221;.vc_custom_1596653634738{margin-bottom: 0px !important;border-bottom-width: 0px !important;padding-top: 10px !important;padding-bottom: 0px !important;}&#8221;][vc_column]<div id='ins-heading-69d02fc409ba4' class='section-heading ins-heading text-center enable-border   '  style='margin-top:0; margin-bottom:0'><h4 class=' section-heading-title  default no-letter-spacing '>Somos a Qualitec Elevadores<\/h4><\/div><script type=\"text\/javascript\">\n\t\t(function(jQuery) {jQuery(\"head\").append(\"<style>#ins-heading-69d02fc409ba4 .section-heading-subtitle {font-size: 14px; line-height: 26px;}<\/style>\")\n\t\t\t\t\t})(jQuery);\n\t\t\t\t\t\t<\/script>[vc_column_text]<\/p>\n<p style=\"text-align: center;\">Confira abaixo um pouco mais sobre os servi\u00e7os que prestamos com total seguran\u00e7a para os passageiros e nossos colaboradores.<\/p>\n<p>[\/vc_column_text][\/vc_column][\/vc_row][vc_row css=&#8221;.vc_custom_1590007353545{padding-top: 5px !important;padding-bottom: 85px !important;}&#8221;][vc_column width=&#8221;1\/3&#8243;]<div id='ins-service-box69d02fc409bfb' class='ins-services-main ins-service-box-style-6   ' ><div class='ins-services-wrapper text-center'><h5 class='ins-service-box-title6-inner margin-15px-bottom default'> Manuten\u00e7\u00e3o Preventiva<\/h5><div class='ins-service-box-text6'>Nosso Atendimento Avan\u00e7ado oferece o melhor servi\u00e7o de manuten\u00e7\u00e3o preventiva e corretiva para elevadores de todas as marcas. Al\u00e9m de conhecerem profundamente o produto, nossos t\u00e9cnicos contam com toda a infraestrutura de uma empresa estruturada\u2026<\/div><a href='https:\/\/qualitecelevadores.com.br\/Site\/manutencao-preventiva\/' target='_self'><div class='service-icon-plus'>+<\/div><\/a><\/div><\/div><script type=\"text\/javascript\">\n\t\t(function(jQuery) {jQuery(\"head\").append(\"<style>#ins-service-box69d02fc409bfb .ins-service-box-inner2, #ins-service-box69d02fc409bfb .ins-service-box-inner3{background-color: #ffffff;}<\/style>\")\n\t\t\t\t\t})(jQuery);\n\t\t\t\t\t\t<\/script>[\/vc_column][vc_column width=&#8221;1\/3&#8243;]<div id='ins-service-box69d02fc409f78' class='ins-services-main ins-service-box-style-6   ' ><div class='ins-services-wrapper text-center'><h5 class='ins-service-box-title6-inner margin-15px-bottom default'> Manuten\u00e7\u00e3o Corretiva<\/h5><div class='ins-service-box-text6'>Mesmo com a manuten\u00e7\u00e3o preventiva em dia, o elevador pode eventualmente apresentar algum tipo de problema. Para resolver esses casos com prontid\u00e3o, temos uma equipe dispon\u00edvel e treinada para colocar em a\u00e7\u00e3o&#8230;<\/div><a href='https:\/\/qualitecelevadores.com.br\/Site\/manutencao-corretiva\/' target='_self'><div class='service-icon-plus'>+<\/div><\/a><\/div><\/div><script type=\"text\/javascript\">\n\t\t(function(jQuery) {jQuery(\"head\").append(\"<style>#ins-service-box69d02fc409f78 .ins-service-box-inner2, #ins-service-box69d02fc409f78 .ins-service-box-inner3{background-color: #ffffff;}<\/style>\")\n\t\t\t\t\t})(jQuery);\n\t\t\t\t\t\t<\/script>[\/vc_column][vc_column width=&#8221;1\/3&#8243;]<div id='ins-service-box69d02fc409fe5' class='ins-services-main ins-service-box-style-6   ' ><div class='ins-services-wrapper text-center'><h5 class='ins-service-box-title6-inner margin-15px-bottom default'> Moderniza\u00e7\u00e3o<\/h5><div class='ins-service-box-text6'>Com a moderniza\u00e7\u00e3o o condominio tem alguns benef\u00edcios, como redu\u00e7\u00e3o de at\u00e9 40% no consumo de energia, valoriza\u00e7\u00e3o de seu im\u00f3vel, conforto e dentre outras;<\/div><a href='https:\/\/qualitecelevadores.com.br\/Site\/modernizacao-parcial\/' target='_self'><div class='service-icon-plus'>+<\/div><\/a><\/div><\/div><script type=\"text\/javascript\">\n\t\t(function(jQuery) {jQuery(\"head\").append(\"<style>#ins-service-box69d02fc409fe5 .ins-service-box-inner2, #ins-service-box69d02fc409fe5 .ins-service-box-inner3{background-color: #ffffff;}<\/style>\")\n\t\t\t\t\t})(jQuery);\n\t\t\t\t\t\t<\/script>[\/vc_column][\/vc_row][vc_row full_width=&#8221;stretch_row&#8221; css=&#8221;.vc_custom_1590008049300{padding-top: 50px !important;padding-bottom: 50px !important;background: #223543 url(https:\/\/insigniathemes.in\/inotura\/pharmacy\/wp-content\/uploads\/sites\/4\/2019\/10\/pharmacy-contact-bg.png?id=97) !important;background-position: center !important;background-repeat: no-repeat !important;background-size: cover !important;}&#8221;][vc_column width=&#8221;1\/2&#8243; offset=&#8221;vc_col-lg-6 vc_col-md-6 vc_col-xs-12&#8243;]<div id='ins-heading-69d02fc40a043' class='section-heading ins-heading text-left enable-border   ins-animated fadeIn'  style='margin-top:0; margin-bottom:16px'><h6 class='section-heading-subtitle pc margin-10px-bottom letter-spacing-2 font-weight-600'>Suporte<\/h6><h2 class=' section-heading-title  default no-letter-spacing '>Contato R\u00e1pido<\/h2><\/div><script type=\"text\/javascript\">\n\t\t(function(jQuery) {jQuery(\"head\").append(\"<style>#ins-heading-69d02fc40a043 .section-heading-subtitle {font-size: 14px; line-height: 26px;}#ins-heading-69d02fc40a043 h2 {color: #ffffff;}#ins-heading-69d02fc40a043 .section-heading-subtitle {color: #34c9b6;}<\/style>\")\n\t\t\t\t\t})(jQuery);\n\t\t\t\t\t\t<\/script>[vc_column_text css_animation=&#8221;none&#8221; css=&#8221;.vc_custom_1590007599524{margin-bottom: 45px !important;padding-right: 5% !important;}&#8221;]<\/p>\n<p class=\"text-white ins-animated fadeInLeft\" data-animation-delay=\"300\">Encontre o contato mais r\u00e1pido com a Qualitec Elevadores<\/p>\n<p>[\/vc_column_text]<div id='ins-icon-69d02fc40a07a' class='ins-float-icon-wrapper margin-20px-bottom ins-icon-box-align-left-basic   ins-animated fadeInLeft' ><div class='ins-float-icon-inner position-relative'><i class='link-icon iconsmind-Map2 pc-bg text-white'><\/i><\/div><div class='ins-float-icon-box-content'><div class='ins-float-icon-box-text  default'>Rua Maria Amalia, 510, Olaria, Vila Velha &#8211; ES.<br \/>\nCEP: 29.100-515<\/div><\/div><\/div><script type=\"text\/javascript\">\n\t\t(function(jQuery) {jQuery(\"head\").append(\"<style>#ins-icon-69d02fc40a07a .ins-icon-box-icon i, #ins-icon-69d02fc40a07a .ins-float-icon-inner i, #ins-icon-69d02fc40a07a .ins-float-right-icon-inner i {color: #57bd5e;}#ins-icon-69d02fc40a07a .ins-icon-box-text, #ins-icon-69d02fc40a07a .ins-float-icon-box-text {color: #ffffff;}#ins-icon-69d02fc40a07a.ins-icon-wrapper:hover i,  #ins-icon-69d02fc40a07a.ins-icon-box-align-left-circle-outline:hover .link-icon,  #ins-icon-69d02fc40a07a.ins-icon-box-align-left-circle-background:hover .link-icon,  #ins-icon-69d02fc40a07a.ins-icon-box-align-right-circle-outline:hover .link-icon,  #ins-icon-69d02fc40a07a.ins-icon-box-align-right-circle-background:hover .link-icon, #ins-icon-69d02fc40a07a.ins-float-icon-wrapper:hover .ins-float-icon-inner i, #ins-icon-69d02fc40a07a.ins-float-icon-wrapper:hover .ins-float-right-icon-inner i {color: #57bd5e;}<\/style>\")\n\t\t\t\t\t})(jQuery);\n\t\t\t\t\t\t<\/script><div id='ins-icon-69d02fc40a0a2' class='ins-float-icon-wrapper margin-20px-bottom ins-icon-box-align-left-basic   ins-animated fadeInLeft' ><div class='ins-float-icon-inner position-relative'><i class='link-icon iconsmind-Mail-Read pc-bg text-white'><\/i><\/div><div class='ins-float-icon-box-content'><div class='ins-float-icon-box-text  default'>comercial@qualitecelevadores.com.br<\/div><\/div><\/div><script type=\"text\/javascript\">\n\t\t(function(jQuery) {jQuery(\"head\").append(\"<style>#ins-icon-69d02fc40a0a2 .ins-icon-box-icon i, #ins-icon-69d02fc40a0a2 .ins-float-icon-inner i, #ins-icon-69d02fc40a0a2 .ins-float-right-icon-inner i {color: #57bd5e;}#ins-icon-69d02fc40a0a2 .ins-icon-box-text, #ins-icon-69d02fc40a0a2 .ins-float-icon-box-text {color: #ffffff;}#ins-icon-69d02fc40a0a2.ins-icon-wrapper:hover i,  #ins-icon-69d02fc40a0a2.ins-icon-box-align-left-circle-outline:hover .link-icon,  #ins-icon-69d02fc40a0a2.ins-icon-box-align-left-circle-background:hover .link-icon,  #ins-icon-69d02fc40a0a2.ins-icon-box-align-right-circle-outline:hover .link-icon,  #ins-icon-69d02fc40a0a2.ins-icon-box-align-right-circle-background:hover .link-icon, #ins-icon-69d02fc40a0a2.ins-float-icon-wrapper:hover .ins-float-icon-inner i, #ins-icon-69d02fc40a0a2.ins-float-icon-wrapper:hover .ins-float-right-icon-inner i {color: #57bd5e;}<\/style>\")\n\t\t\t\t\t})(jQuery);\n\t\t\t\t\t\t<\/script><div id='ins-icon-69d02fc40a0ca' class='ins-float-icon-wrapper margin-20px-bottom ins-icon-box-align-left-basic   ins-animated fadeInLeft' ><div class='ins-float-icon-inner position-relative'><i class='link-icon iconsmind-Smartphone-3 pc-bg text-white'><\/i><\/div><div class='ins-float-icon-box-content'><div class='ins-float-icon-box-text  default'>0800 546 7000<br \/>\nPlant\u00e3o 24h (27) 9.8847-3121<\/div><\/div><\/div><script type=\"text\/javascript\">\n\t\t(function(jQuery) {jQuery(\"head\").append(\"<style>#ins-icon-69d02fc40a0ca .ins-icon-box-icon i, #ins-icon-69d02fc40a0ca .ins-float-icon-inner i, #ins-icon-69d02fc40a0ca .ins-float-right-icon-inner i {color: #57bd5e;}#ins-icon-69d02fc40a0ca .ins-icon-box-text, #ins-icon-69d02fc40a0ca .ins-float-icon-box-text {color: #ffffff;}#ins-icon-69d02fc40a0ca.ins-icon-wrapper:hover i,  #ins-icon-69d02fc40a0ca.ins-icon-box-align-left-circle-outline:hover .link-icon,  #ins-icon-69d02fc40a0ca.ins-icon-box-align-left-circle-background:hover .link-icon,  #ins-icon-69d02fc40a0ca.ins-icon-box-align-right-circle-outline:hover .link-icon,  #ins-icon-69d02fc40a0ca.ins-icon-box-align-right-circle-background:hover .link-icon, #ins-icon-69d02fc40a0ca.ins-float-icon-wrapper:hover .ins-float-icon-inner i, #ins-icon-69d02fc40a0ca.ins-float-icon-wrapper:hover .ins-float-right-icon-inner i {color: #57bd5e;}<\/style>\")\n\t\t\t\t\t})(jQuery);\n\t\t\t\t\t\t<\/script>[\/vc_column][vc_column width=&#8221;1\/12&#8243; offset=&#8221;vc_hidden-sm vc_hidden-xs&#8221;][\/vc_column][vc_column width=&#8221;1\/2&#8243; css=&#8221;.vc_custom_1575979931312{padding-right: 10% !important;padding-left: 10% !important;}&#8221; offset=&#8221;vc_col-lg-5 vc_col-md-5 vc_col-xs-12&#8243;][vc_empty_space height=&#8221;20px&#8221;]<div id='ins-heading-69d02fc40a0ec' class='section-heading ins-heading text-center enable-border   vc_custom_1590098520575 ins-animated fadeIn'  style='margin-top:0; margin-bottom:16px'><h6 class='section-heading-subtitle pc margin-10px-bottom letter-spacing-2 font-weight-600'>Certificado!<\/h6><h2 class=' section-heading-title  default no-letter-spacing '>Selo de Qualidade<\/h2><\/div><script type=\"text\/javascript\">\n\t\t(function(jQuery) {jQuery(\"head\").append(\"<style>#ins-heading-69d02fc40a0ec .section-heading-subtitle {font-size: 14px; line-height: 26px;}#ins-heading-69d02fc40a0ec h2 {color: #ffffff;}#ins-heading-69d02fc40a0ec .section-heading-subtitle {color: #34c9b6;}<\/style>\")\n\t\t\t\t\t})(jQuery);\n\t\t\t\t\t\t<\/script>[vc_single_image image=&#8221;1079&#8243; img_size=&#8221;275&#215;300&#8243; alignment=&#8221;center&#8221; css_animation=&#8221;fadeIn&#8221; css=&#8221;.vc_custom_1590098461894{padding-left: 20px !important;}&#8221;][\/vc_column][\/vc_row][vc_row css=&#8221;.vc_custom_1590442428658{padding-top: 40px !important;padding-bottom: 25px !important;}&#8221;][vc_column][vc_row_inner][vc_column_inner width=&#8221;1\/6&#8243;][\/vc_column_inner][vc_column_inner width=&#8221;2\/3&#8243;]<div id='ins-heading-69d02fc40a109' class='section-heading ins-heading text-center enable-border   ins-animated fadeIn' data-animation-delay=200 style='margin-top:0; margin-bottom:16px'><h6 class='section-heading-subtitle pc margin-10px-bottom letter-spacing-2 font-weight-600'>Blog<\/h6><h2 class=' section-heading-title  default no-letter-spacing '>Conte\u00fado e Boas pr\u00e1ticas!<\/h2><\/div><script type=\"text\/javascript\">\n\t\t(function(jQuery) {jQuery(\"head\").append(\"<style>#ins-heading-69d02fc40a109 .section-heading-subtitle {font-size: 14px; line-height: 26px;}#ins-heading-69d02fc40a109 .section-heading-subtitle {color: #34c9b6;}<\/style>\")\n\t\t\t\t\t})(jQuery);\n\t\t\t\t\t\t<\/script>[vc_column_text css_animation=&#8221;none&#8221; css=&#8221;.vc_custom_1590442539454{margin-bottom: 45px !important;padding-right: 6% !important;padding-left: 6% !important;}&#8221; el_class=&#8221;m-padding-right-0px m-padding-left-0px&#8221;]<\/p>\n<p class=\"text-center ins-animated fadeIn\" data-animation-delay=\"300\">Leia nossas Not\u00edcias, Artigos e Assista aos nossos v\u00eddeos!<\/p>\n<p>[\/vc_column_text][\/vc_column_inner][vc_column_inner width=&#8221;1\/6&#8243;][\/vc_column_inner][\/vc_row_inner][vc_row_inner][vc_column_inner]<div class=\"blog-column-main-archive blog-element-main-archive \"> <div class=\"ajax_posts clearfix\"> <div class=\"inv-blog-element-grid-wrapper inv-blog-element-article-holder\"> <div class=\"grid-sizer\"><\/div> <article class=\"inv-post-article inv-post-blog-item-holder inv-post-grid-one-main-wrapper col-md-4 col-lg-4 col-sm-6 col-xs-12 inv-post_blog_grid_1 post-1199 post type-post status-publish format-standard has-post-thumbnail hentry category-dicas\" > <div class=\"inv-post-grid-one-inner inv-blog-element-inner\"> <div class=\"ins-post-grid-image-wrap\"> <a href=\"https:\/\/qualitecelevadores.com.br\/Site\/2020\/07\/22\/importancia-da-manutencao-preventiva-nos-elevadores\/\" class=\"display-block\"><div class=\"thumbnail-image-bg entry-thumb-wrap position-relative post-grid-image\" style=\"background-image: url('https:\/\/qualitecelevadores.com.br\/Site\/wp-content\/uploads\/2020\/07\/modernizacao-de-elevador-01.jpg');\"><\/div><\/a> <div class=\"post-list-date1\"><span class=\"post-list-date-inner sc-bg text-white\"><span>julho 22, 2020<\/span><\/span><\/div> <\/div> <div class=\"inv-post-content-main\"> <div class=\"post-categories blog-style-1-category margin-5px-bottom\"><a href=\"https:\/\/qualitecelevadores.com.br\/Site\/category\/dicas\/\" rel=\"category tag\">Dicas<\/a> <span class=\"ins-category-border\"><\/span><\/div> <div class=\"inv-post-title-section-main\"> <h6 class=\"title entry-post-title inv-post-grid-one-title\"><a href=\"https:\/\/qualitecelevadores.com.br\/Site\/2020\/07\/22\/importancia-da-manutencao-preventiva-nos-elevadores\/\">Import\u00e2ncia da manuten\u00e7\u00e3o preventiva nos elevadores<\/a><\/h6> <\/div> <div class=\"blog-grid-footer margin-5px-top\"> <a href=\"https:\/\/qualitecelevadores.com.br\/Site\/2020\/07\/22\/importancia-da-manutencao-preventiva-nos-elevadores\/\" class=\"blog-grid-button pc font-weight-600\">Get Started <i class=\"flaticon-next padding-10px-left\"><\/i><\/a><\/div> <\/div> <\/div> <\/article> <article class=\"inv-post-article inv-post-blog-item-holder inv-post-grid-one-main-wrapper col-md-4 col-lg-4 col-sm-6 col-xs-12 inv-post_blog_grid_1 post-1196 post type-post status-publish format-standard has-post-thumbnail hentry category-dicas\" > <div class=\"inv-post-grid-one-inner inv-blog-element-inner\"> <div class=\"ins-post-grid-image-wrap\"> <a href=\"https:\/\/qualitecelevadores.com.br\/Site\/2020\/07\/22\/importancia-da-modernizacao-dos-elevadores\/\" class=\"display-block\"><div class=\"thumbnail-image-bg entry-thumb-wrap position-relative post-grid-image\" style=\"background-image: url('https:\/\/qualitecelevadores.com.br\/Site\/wp-content\/uploads\/2020\/07\/RS158005_RS158005_Hotel-Juan-Carlos-1-0984-hpr-1140x725-1.jpg');\"><\/div><\/a> <div class=\"post-list-date1\"><span class=\"post-list-date-inner sc-bg text-white\"><span>julho 22, 2020<\/span><\/span><\/div> <\/div> <div class=\"inv-post-content-main\"> <div class=\"post-categories blog-style-1-category margin-5px-bottom\"><a href=\"https:\/\/qualitecelevadores.com.br\/Site\/category\/dicas\/\" rel=\"category tag\">Dicas<\/a> <span class=\"ins-category-border\"><\/span><\/div> <div class=\"inv-post-title-section-main\"> <h6 class=\"title entry-post-title inv-post-grid-one-title\"><a href=\"https:\/\/qualitecelevadores.com.br\/Site\/2020\/07\/22\/importancia-da-modernizacao-dos-elevadores\/\">Import\u00e2ncia da moderniza\u00e7\u00e3o dos elevadores<\/a><\/h6> <\/div> <div class=\"blog-grid-footer margin-5px-top\"> <a href=\"https:\/\/qualitecelevadores.com.br\/Site\/2020\/07\/22\/importancia-da-modernizacao-dos-elevadores\/\" class=\"blog-grid-button pc font-weight-600\">Get Started <i class=\"flaticon-next padding-10px-left\"><\/i><\/a><\/div> <\/div> <\/div> <\/article> <article class=\"inv-post-article inv-post-blog-item-holder inv-post-grid-one-main-wrapper col-md-4 col-lg-4 col-sm-6 col-xs-12 inv-post_blog_grid_1 post-1193 post type-post status-publish format-standard has-post-thumbnail hentry category-dicas\" > <div class=\"inv-post-grid-one-inner inv-blog-element-inner\"> <div class=\"ins-post-grid-image-wrap\"> <a href=\"https:\/\/qualitecelevadores.com.br\/Site\/2020\/07\/22\/coronavirus-quais-cuidados-tomar-para-utilizacao-do-elevador\/\" class=\"display-block\"><div class=\"thumbnail-image-bg entry-thumb-wrap position-relative post-grid-image\" style=\"background-image: url('https:\/\/qualitecelevadores.com.br\/Site\/wp-content\/uploads\/2020\/07\/ria.jpg');\"><\/div><\/a> <div class=\"post-list-date1\"><span class=\"post-list-date-inner sc-bg text-white\"><span>julho 22, 2020<\/span><\/span><\/div> <\/div> <div class=\"inv-post-content-main\"> <div class=\"post-categories blog-style-1-category margin-5px-bottom\"><a href=\"https:\/\/qualitecelevadores.com.br\/Site\/category\/dicas\/\" rel=\"category tag\">Dicas<\/a> <span class=\"ins-category-border\"><\/span><\/div> <div class=\"inv-post-title-section-main\"> <h6 class=\"title entry-post-title inv-post-grid-one-title\"><a href=\"https:\/\/qualitecelevadores.com.br\/Site\/2020\/07\/22\/coronavirus-quais-cuidados-tomar-para-utilizacao-do-elevador\/\">Coronav\u00edrus: Quais cuidados, tomar para utiliza\u00e7\u00e3o do elevador?<\/a><\/h6> <\/div> <div class=\"blog-grid-footer margin-5px-top\"> <a href=\"https:\/\/qualitecelevadores.com.br\/Site\/2020\/07\/22\/coronavirus-quais-cuidados-tomar-para-utilizacao-do-elevador\/\" class=\"blog-grid-button pc font-weight-600\">Get Started <i class=\"flaticon-next padding-10px-left\"><\/i><\/a><\/div> <\/div> <\/div> <\/article> <\/div> <\/div> <\/div>[\/vc_column_inner][\/vc_row_inner][\/vc_column][\/vc_row][vc_row css=&#8221;.vc_custom_1574773068397{padding-bottom: 60px !important;}&#8221;][vc_column][\/vc_column][\/vc_row]<\/p>\n","protected":false},"excerpt":{"rendered":"<p>[vc_row full_width=&#8221;stretch_row_content_no_spaces&#8221;][vc_column][vc_column_text][\/vc_column_text][\/vc_column][\/vc_row][vc_row css=&#8221;.vc_custom_1596653634738{margin-bottom: 0px !important;border-bottom-width: 0px !important;padding-top: 10px !important;padding-bottom: 0px !important;}&#8221;][vc_column][vc_column_text] Confira abaixo um pouco mais sobre os servi\u00e7os que<\/p>\n","protected":false},"author":1,"featured_media":0,"parent":0,"menu_order":0,"comment_status":"closed","ping_status":"closed","template":"","meta":[],"_links":{"self":[{"href":"https:\/\/qualitecelevadores.com.br\/Site\/wp-json\/wp\/v2\/pages\/935"}],"collection":[{"href":"https:\/\/qualitecelevadores.com.br\/Site\/wp-json\/wp\/v2\/pages"}],"about":[{"href":"https:\/\/qualitecelevadores.com.br\/Site\/wp-json\/wp\/v2\/types\/page"}],"author":[{"embeddable":true,"href":"https:\/\/qualitecelevadores.com.br\/Site\/wp-json\/wp\/v2\/users\/1"}],"replies":[{"embeddable":true,"href":"https:\/\/qualitecelevadores.com.br\/Site\/wp-json\/wp\/v2\/comments?post=935"}],"version-history":[{"count":50,"href":"https:\/\/qualitecelevadores.com.br\/Site\/wp-json\/wp\/v2\/pages\/935\/revisions"}],"predecessor-version":[{"id":1253,"href":"https:\/\/qualitecelevadores.com.br\/Site\/wp-json\/wp\/v2\/pages\/935\/revisions\/1253"}],"wp:attachment":[{"href":"https:\/\/qualitecelevadores.com.br\/Site\/wp-json\/wp\/v2\/media?parent=935"}],"curies":[{"name":"wp","href":"https:\/\/api.w.org\/{rel}","templated":true}]}}