{"id":587,"date":"2019-11-11T10:54:16","date_gmt":"2019-11-11T10:54:16","guid":{"rendered":"https:\/\/insigniathemes.in\/inotura\/pharmacy\/?page_id=587"},"modified":"2022-04-26T17:23:27","modified_gmt":"2022-04-26T17:23:27","slug":"contato","status":"publish","type":"page","link":"https:\/\/qualitecelevadores.com.br\/Site\/contato\/","title":{"rendered":"Contato"},"content":{"rendered":"<p>[vc_row css=&#8221;.vc_custom_1590783449875{padding-top: 5px !important;padding-bottom: 5px !important;background-color: #ffffff !important;}&#8221; el_class=&#8221;overflow-visible z-index-1111 position-relative&#8221;][vc_column offset=&#8221;vc_col-xs-12&#8243; css=&#8221;.vc_custom_1590783516404{padding-top: 10px !important;padding-bottom: 0px !important;}&#8221;]<div id='ins-heading-69d02f8cb1e03' class='section-heading ins-heading text-center enable-border   ins-animated fadeIn' data-animation-delay=200 style='margin-top:0; margin-bottom:16px'><h2 class=' section-heading-title  default no-letter-spacing '>Todos os contatos da Qualitec Elevadores.<\/h2><\/div><script type=\"text\/javascript\">\n\t\t(function(jQuery) {jQuery(\"head\").append(\"<style>#ins-heading-69d02f8cb1e03 .section-heading-subtitle {font-size: 14px; line-height: 26px;}#ins-heading-69d02f8cb1e03 .section-heading-subtitle {color: #34c9b6;}<\/style>\")\n\t\t\t\t\t})(jQuery);\n\t\t\t\t\t\t<\/script>[vc_column_text css_animation=&#8221;fadeIn&#8221; css=&#8221;.vc_custom_1590783351104{padding-right: 8% !important;padding-left: 8% !important;}&#8221;]<\/p>\n<p class=\"text-center\" style=\"text-align: center; line-height: 150%; margin-top: 0; margin-bottom: 0;\">Escolha abaixo a melhor forma para entrar em contato com a Qualitec Elevadores.<\/p>\n<p style=\"text-align: center; line-height: 150%; margin-top: 0; margin-bottom: 0;\">O Hor\u00e1rio de funcionamento do nosso escrit\u00f3rio \u00e9 de: Segunda a Sexta das 08 as 18h<\/p>\n<p style=\"text-align: center; line-height: 150%; margin-top: 0; margin-bottom: 0;\">Nosso telefone de suporte a passageiros presos \u00e9 24hs<\/p>\n<p>[\/vc_column_text][vc_empty_space height=&#8221;50px&#8221;][\/vc_column][\/vc_row][vc_row][vc_column width=&#8221;1\/3&#8243;]<div id='ins-icon-69d02f8cb1e72' class='ins-float-icon-wrapper margin-20px-bottom ins-icon-box-align-left-basic singal-contact-page  ins-animated fadeInUp' data-animation-delay=200><div class='ins-float-icon-inner position-relative'><i class='link-icon iconsmind-Smartphone-3 pc-bg text-white'><\/i><\/div><div class='ins-float-icon-box-content'><h5 class='ins-float-icon-box-title margin-5px-bottom title-font default no-letter-spacing'>Nossos Telefones<\/h5><div class='ins-float-icon-box-text  default'><\/p>\n<p class=\"margin-5px-bottom\" style=\"font-size: 17px; line-height: 32px; font-weight: 600;\">0800 546 7000<\/p>\n<p class=\"margin-5px-bottom\" style=\"font-size: 17px; line-height: 32px; font-weight: 600;\">(27) 9.8847-3121 &#8211; Suporte 24hs<\/p>\n<p><\/div><\/div><\/div><script type=\"text\/javascript\">\n\t\t(function(jQuery) {\n\t\t\t\t\t})(jQuery);\n\t\t\t\t\t\t<\/script>[\/vc_column][vc_column width=&#8221;1\/3&#8243;]<div id='ins-icon-69d02f8cb1ec2' class='ins-float-icon-wrapper margin-20px-bottom ins-icon-box-align-left-basic singal-contact-page  ins-animated fadeInUp' data-animation-delay=400><div class='ins-float-icon-inner position-relative'><i class='link-icon iconsmind-Email pc-bg text-white'><\/i><\/div><div class='ins-float-icon-box-content'><h5 class='ins-float-icon-box-title margin-5px-bottom title-font default no-letter-spacing'>Emails<\/h5><div class='ins-float-icon-box-text  default'>Precisa de informa\u00e7\u00f5es? Solicite tamb\u00e9m via email!<\/p>\n<p class=\"margin-5px-bottom\" style=\"font-size: 17px; line-height: 32px; font-weight: 600;\">comercial@qualitecelevadores.com.br<\/p>\n<p><\/div><\/div><\/div><script type=\"text\/javascript\">\n\t\t(function(jQuery) {\n\t\t\t\t\t})(jQuery);\n\t\t\t\t\t\t<\/script>[\/vc_column][vc_column width=&#8221;1\/3&#8243;]<div id='ins-icon-69d02f8cb1ef6' class='ins-float-icon-wrapper margin-20px-bottom ins-icon-box-align-left-basic singal-contact-page  ins-animated fadeInUp' data-animation-delay=600><div class='ins-float-icon-inner position-relative'><i class='link-icon iconsmind-Location-2 pc-bg text-white'><\/i><\/div><div class='ins-float-icon-box-content'><h5 class='ins-float-icon-box-title margin-5px-bottom title-font default no-letter-spacing'>Onde estamos!<\/h5><div class='ins-float-icon-box-text  default'><\/p>\n<p class=\"margin-5px-bottom\" style=\"font-size: 17px; line-height: 32px; font-weight: 600;\">Rua Maria Amalia, 510, Olaria, Vila Velha &#8211; ES. CEP: 29.100-515<\/p>\n<p><\/div><\/div><\/div><script type=\"text\/javascript\">\n\t\t(function(jQuery) {\n\t\t\t\t\t})(jQuery);\n\t\t\t\t\t\t<\/script>[\/vc_column][\/vc_row][vc_row][vc_column][vc_empty_space height=&#8221;90px&#8221;][vc_row_inner equal_height=&#8221;yes&#8221;][vc_column_inner width=&#8221;1\/2&#8243;][vc_column_text]<iframe style=\"border: 0;\" src=\"https:\/\/www.google.com\/maps\/embed?pb=!1m18!1m12!1m3!1d3741.236617388177!2d-40.302934385461455!3d-20.331841456180037!2m3!1f0!2f0!3f0!3m2!1i1024!2i768!4f13.1!3m3!1m2!1s0xb816250c33f4a5%3A0x7a0b37bb80606db3!2sR.%20Maria%20Am%C3%A1lia%2C%20510%20-%20Olaria%2C%20Vila%20Velha%20-%20ES%2C%2029123-510!5e0!3m2!1spt-BR!2sbr!4v1633112559029!5m2!1spt-BR!2sbr\" width=\"600\" height=\"800\" allowfullscreen=\"allowfullscreen\"><\/iframe>[\/vc_column_text][\/vc_column_inner][vc_column_inner width=&#8221;1\/2&#8243; css=&#8221;.vc_custom_1572889512589{padding-top: 50px !important;padding-right: 50px !important;padding-bottom: 50px !important;padding-left: 50px !important;background-color: #223543 !important;}&#8221;]<div role=\"form\" class=\"wpcf7\" id=\"wpcf7-f1090-o1\" lang=\"pt-BR\" dir=\"ltr\">\n<div class=\"screen-reader-response\" aria-live=\"polite\"><\/div>\n<form action=\"\/Site\/wp-json\/wp\/v2\/pages\/587#wpcf7-f1090-o1\" method=\"post\" class=\"wpcf7-form\" novalidate=\"novalidate\">\n<div style=\"display: none;\">\n<input type=\"hidden\" name=\"_wpcf7\" value=\"1090\" \/>\n<input type=\"hidden\" name=\"_wpcf7_version\" value=\"5.1.9\" \/>\n<input type=\"hidden\" name=\"_wpcf7_locale\" value=\"pt_BR\" \/>\n<input type=\"hidden\" name=\"_wpcf7_unit_tag\" value=\"wpcf7-f1090-o1\" \/>\n<input type=\"hidden\" name=\"_wpcf7_container_post\" value=\"0\" \/>\n<\/div>\n<p><html><br \/>\n<body bgcolor=\"white\" text=\"black\" link=\"blue\" vlink=\"purple\" alink=\"red\"><\/p>\n<p style=\"line-height:100%; margin-top:0; margin-bottom:0;\"><span style=\"font-size:12pt;\"><font color=\"white\">Seu nome*<\/font><\/span><\/p>\n<p style=\"line-height:100%; margin-top:0; margin-bottom:0;\"><span style=\"font-size:12pt;\"><font color=\"white\">&nbsp;<span class=\"wpcf7-form-control-wrap seu-nome\"><input type=\"text\" name=\"seu-nome\" value=\"\" size=\"40\" class=\"wpcf7-form-control wpcf7-text wpcf7-validates-as-required\" aria-required=\"true\" aria-invalid=\"false\" \/><\/span><\/font><\/span><\/p>\n<p style=\"line-height:100%; margin-top:0; margin-bottom:0;\"><span style=\"font-size:12pt;\"><font color=\"white\">Seu e-mail*<\/font><\/span><\/p>\n<p style=\"line-height:100%; margin-top:0; margin-bottom:0;\"><span style=\"font-size:12pt;\"><font color=\"white\"><span class=\"wpcf7-form-control-wrap seu-email\"><input type=\"email\" name=\"seu-email\" value=\"\" size=\"40\" class=\"wpcf7-form-control wpcf7-text wpcf7-email wpcf7-validates-as-required wpcf7-validates-as-email\" aria-required=\"true\" aria-invalid=\"false\" \/><\/span><\/font><\/span><\/p>\n<p style=\"line-height:100%; margin-top:0; margin-bottom:0;\"><span style=\"font-size:12pt;\"><font color=\"white\">Telefone*<\/font><\/span><\/p>\n<p style=\"line-height:100%; margin-top:0; margin-bottom:0;\"><span style=\"font-size:12pt;\"><font color=\"white\"><span class=\"wpcf7-form-control-wrap seu-telefone\"><input type=\"text\" name=\"seu-telefone\" value=\"\" size=\"40\" class=\"wpcf7-form-control wpcf7-text wpcf7-validates-as-required\" aria-required=\"true\" aria-invalid=\"false\" \/><\/span><\/font><\/span><\/p>\n<p style=\"line-height:100%; margin-top:0; margin-bottom:0;\"><span style=\"font-size:12pt;\"><font color=\"white\">Assunto<\/font><\/span><\/p>\n<p style=\"line-height:100%; margin-top:0; margin-bottom:0;\"><span style=\"font-size:12pt;\"><font color=\"white\">&nbsp;&nbsp;&nbsp;&nbsp;<span class=\"wpcf7-form-control-wrap seu-assunto\"><input type=\"text\" name=\"seu-assunto\" value=\"\" size=\"40\" class=\"wpcf7-form-control wpcf7-text\" aria-invalid=\"false\" \/><\/span><\/font><\/span><\/p>\n<p style=\"line-height:100%; margin-top:0; margin-bottom:0;\"><span style=\"font-size:12pt;\"><font color=\"white\">Sua mensagem*<\/font><\/span><\/p>\n<p style=\"line-height:100%; margin-top:0; margin-bottom:0;\"><span style=\"font-size:12pt;\"><font color=\"white\">&nbsp;&nbsp;&nbsp;&nbsp;<span class=\"wpcf7-form-control-wrap sua-mensagem\"><textarea name=\"sua-mensagem\" cols=\"40\" rows=\"10\" class=\"wpcf7-form-control wpcf7-textarea\" aria-invalid=\"false\"><\/textarea><\/span><\/font><\/span><\/p>\n<p style=\"line-height:100%; margin-top:0; margin-bottom:0;\"><span style=\"font-size:12pt;\"><font color=\"white\"><input type=\"submit\" value=\"Enviar\" class=\"wpcf7-form-control wpcf7-submit\" \/><\/font><\/span><\/p>\n<p><\/body><br \/>\n<\/html><\/p>\n<div class=\"wpcf7-response-output wpcf7-display-none\" aria-hidden=\"true\"><\/div><\/form><\/div>[\/vc_column_inner][\/vc_row_inner][\/vc_column][\/vc_row]<\/p>\n","protected":false},"excerpt":{"rendered":"<p>[vc_row css=&#8221;.vc_custom_1590783449875{padding-top: 5px !important;padding-bottom: 5px !important;background-color: #ffffff !important;}&#8221; el_class=&#8221;overflow-visible z-index-1111 position-relative&#8221;][vc_column offset=&#8221;vc_col-xs-12&#8243; css=&#8221;.vc_custom_1590783516404{padding-top: 10px !important;padding-bottom: 0px !important;}&#8221;][vc_column_text css_animation=&#8221;fadeIn&#8221; css=&#8221;.vc_custom_1590783351104{padding-right: 8%<\/p>\n","protected":false},"author":1,"featured_media":0,"parent":0,"menu_order":0,"comment_status":"closed","ping_status":"closed","template":"","meta":[],"_links":{"self":[{"href":"https:\/\/qualitecelevadores.com.br\/Site\/wp-json\/wp\/v2\/pages\/587"}],"collection":[{"href":"https:\/\/qualitecelevadores.com.br\/Site\/wp-json\/wp\/v2\/pages"}],"about":[{"href":"https:\/\/qualitecelevadores.com.br\/Site\/wp-json\/wp\/v2\/types\/page"}],"author":[{"embeddable":true,"href":"https:\/\/qualitecelevadores.com.br\/Site\/wp-json\/wp\/v2\/users\/1"}],"replies":[{"embeddable":true,"href":"https:\/\/qualitecelevadores.com.br\/Site\/wp-json\/wp\/v2\/comments?post=587"}],"version-history":[{"count":31,"href":"https:\/\/qualitecelevadores.com.br\/Site\/wp-json\/wp\/v2\/pages\/587\/revisions"}],"predecessor-version":[{"id":1248,"href":"https:\/\/qualitecelevadores.com.br\/Site\/wp-json\/wp\/v2\/pages\/587\/revisions\/1248"}],"wp:attachment":[{"href":"https:\/\/qualitecelevadores.com.br\/Site\/wp-json\/wp\/v2\/media?parent=587"}],"curies":[{"name":"wp","href":"https:\/\/api.w.org\/{rel}","templated":true}]}}