{"id":1159,"date":"2020-05-29T20:31:28","date_gmt":"2020-05-29T20:31:28","guid":{"rendered":"https:\/\/qualitecelevadores.com.br\/Site\/?page_id=1159"},"modified":"2020-06-12T18:14:29","modified_gmt":"2020-06-12T18:14:29","slug":"qualidade-e-certificacoes","status":"publish","type":"page","link":"https:\/\/qualitecelevadores.com.br\/Site\/empresa\/qualidade-e-certificacoes\/","title":{"rendered":"Qualidade e Certifica\u00e7\u00f5es"},"content":{"rendered":"<p>[vc_row][vc_column width=&#8221;2\/3&#8243;][vc_column_text]Para selar o compromisso de manter a qualidade em seus atendimentos, no ano de 2017 a Qualitec Elevadores deu in\u00edcio a implanta\u00e7\u00e3o do SGQF (Sistema de gest\u00e3o de qualidade do fornecedor) PRODFOR; para que possamos padronizar os sistemas de atendimento e oferecendo ainda mais qualidade, com isso zelamos pelo o slogan da empresa que \u00e9 <b>Qualidade, Lideran\u00e7a e Tecnologia.<\/b><\/p>\n<p>Em dezembro de 2018, concretizamos todo o esfor\u00e7o e engajamento de toda equipe empenhado nesse processo de implanta\u00e7\u00e3o e certifica\u00e7\u00e3o, recebemos o nosso selo de certifica\u00e7\u00e3o. Garantindo assim, que entregamos um servi\u00e7o prestado compet\u00eancia e qualidade.[\/vc_column_text][\/vc_column][vc_column width=&#8221;1\/3&#8243;]<div id='ins-heading-69d033704f9e3' class='section-heading ins-heading text-center enable-border   '  style='margin-top:0; margin-bottom:0'><h4 class=' section-heading-title  default no-letter-spacing '><\/p>\n<h4 class=\" section-heading-title default no-letter-spacing \">Selo de Qualidade!<\/h4>\n<p><\/h4><\/div><script type=\"text\/javascript\">\n\t\t(function(jQuery) {jQuery(\"head\").append(\"<style>#ins-heading-69d033704f9e3 .section-heading-subtitle {font-size: 14px; line-height: 26px;}<\/style>\")\n\t\t\t\t\t})(jQuery);\n\t\t\t\t\t\t<\/script>[vc_single_image image=&#8221;1180&#8243; img_size=&#8221;300&#215;327&#8243; alignment=&#8221;center&#8221;][\/vc_column][\/vc_row]<\/p>\n","protected":false},"excerpt":{"rendered":"<p>[vc_row][vc_column width=&#8221;2\/3&#8243;][vc_column_text]Para selar o compromisso de manter a qualidade em seus atendimentos, no ano de 2017 a Qualitec Elevadores deu<\/p>\n","protected":false},"author":1,"featured_media":0,"parent":174,"menu_order":0,"comment_status":"closed","ping_status":"closed","template":"","meta":[],"_links":{"self":[{"href":"https:\/\/qualitecelevadores.com.br\/Site\/wp-json\/wp\/v2\/pages\/1159"}],"collection":[{"href":"https:\/\/qualitecelevadores.com.br\/Site\/wp-json\/wp\/v2\/pages"}],"about":[{"href":"https:\/\/qualitecelevadores.com.br\/Site\/wp-json\/wp\/v2\/types\/page"}],"author":[{"embeddable":true,"href":"https:\/\/qualitecelevadores.com.br\/Site\/wp-json\/wp\/v2\/users\/1"}],"replies":[{"embeddable":true,"href":"https:\/\/qualitecelevadores.com.br\/Site\/wp-json\/wp\/v2\/comments?post=1159"}],"version-history":[{"count":2,"href":"https:\/\/qualitecelevadores.com.br\/Site\/wp-json\/wp\/v2\/pages\/1159\/revisions"}],"predecessor-version":[{"id":1189,"href":"https:\/\/qualitecelevadores.com.br\/Site\/wp-json\/wp\/v2\/pages\/1159\/revisions\/1189"}],"up":[{"embeddable":true,"href":"https:\/\/qualitecelevadores.com.br\/Site\/wp-json\/wp\/v2\/pages\/174"}],"wp:attachment":[{"href":"https:\/\/qualitecelevadores.com.br\/Site\/wp-json\/wp\/v2\/media?parent=1159"}],"curies":[{"name":"wp","href":"https:\/\/api.w.org\/{rel}","templated":true}]}}