{"id":1157,"date":"2020-05-29T20:30:25","date_gmt":"2020-05-29T20:30:25","guid":{"rendered":"https:\/\/qualitecelevadores.com.br\/Site\/?page_id=1157"},"modified":"2020-06-12T18:13:30","modified_gmt":"2020-06-12T18:13:30","slug":"valores","status":"publish","type":"page","link":"https:\/\/qualitecelevadores.com.br\/Site\/empresa\/valores\/","title":{"rendered":"Valores"},"content":{"rendered":"<p>[vc_row][vc_column width=&#8221;2\/3&#8243;][vc_column_text]<\/p>\n<p class=\"yiv6008665475MsoNormal\"><u>Responsabilidade:<\/u>\u00a0realizar os servi\u00e7os focando a seguran\u00e7a dos usu\u00e1rios e das cargas.<\/p>\n<p class=\"yiv6008665475MsoNormal\"><u>Comprometimento:<\/u>\u00a0assegurar a confiabilidade a n\u00f3s depositada.<\/p>\n<p class=\"yiv6008665475MsoNormal\"><u>Dedica\u00e7\u00e3o:<\/u>\u00a0ter total empenho em satisfazer o nosso cliente.<\/p>\n<p class=\"yiv6008665475MsoNormal\"><u>Qualidade:<\/u>\u00a0proporcionar a entrega dos nossos servi\u00e7os com conformidade.<\/p>\n<p class=\"yiv6008665475MsoNormal\"><u>Respeito:<\/u>\u00a0aos nossos colaboradores e as partes interessadas, proporcionando boas rela\u00e7\u00f5es interpessoais.<\/p>\n<p>[\/vc_column_text][\/vc_column][vc_column width=&#8221;1\/3&#8243;]<div id='ins-heading-69d033726e117' class='section-heading ins-heading text-center enable-border   '  style='margin-top:0; margin-bottom:0'><h4 class=' section-heading-title  default no-letter-spacing '><\/p>\n<h4 class=\" section-heading-title default no-letter-spacing \">Selo de Qualidade!<\/h4>\n<p><\/h4><\/div><script type=\"text\/javascript\">\n\t\t(function(jQuery) {jQuery(\"head\").append(\"<style>#ins-heading-69d033726e117 .section-heading-subtitle {font-size: 14px; line-height: 26px;}<\/style>\")\n\t\t\t\t\t})(jQuery);\n\t\t\t\t\t\t<\/script>[vc_single_image image=&#8221;1180&#8243; img_size=&#8221;300&#215;327&#8243; alignment=&#8221;center&#8221;][\/vc_column][\/vc_row]<\/p>\n","protected":false},"excerpt":{"rendered":"<p>[vc_row][vc_column width=&#8221;2\/3&#8243;][vc_column_text] Responsabilidade:\u00a0realizar os servi\u00e7os focando a seguran\u00e7a dos usu\u00e1rios e das cargas. Comprometimento:\u00a0assegurar a confiabilidade a n\u00f3s depositada. Dedica\u00e7\u00e3o:\u00a0ter<\/p>\n","protected":false},"author":1,"featured_media":0,"parent":174,"menu_order":0,"comment_status":"closed","ping_status":"closed","template":"","meta":[],"_links":{"self":[{"href":"https:\/\/qualitecelevadores.com.br\/Site\/wp-json\/wp\/v2\/pages\/1157"}],"collection":[{"href":"https:\/\/qualitecelevadores.com.br\/Site\/wp-json\/wp\/v2\/pages"}],"about":[{"href":"https:\/\/qualitecelevadores.com.br\/Site\/wp-json\/wp\/v2\/types\/page"}],"author":[{"embeddable":true,"href":"https:\/\/qualitecelevadores.com.br\/Site\/wp-json\/wp\/v2\/users\/1"}],"replies":[{"embeddable":true,"href":"https:\/\/qualitecelevadores.com.br\/Site\/wp-json\/wp\/v2\/comments?post=1157"}],"version-history":[{"count":2,"href":"https:\/\/qualitecelevadores.com.br\/Site\/wp-json\/wp\/v2\/pages\/1157\/revisions"}],"predecessor-version":[{"id":1188,"href":"https:\/\/qualitecelevadores.com.br\/Site\/wp-json\/wp\/v2\/pages\/1157\/revisions\/1188"}],"up":[{"embeddable":true,"href":"https:\/\/qualitecelevadores.com.br\/Site\/wp-json\/wp\/v2\/pages\/174"}],"wp:attachment":[{"href":"https:\/\/qualitecelevadores.com.br\/Site\/wp-json\/wp\/v2\/media?parent=1157"}],"curies":[{"name":"wp","href":"https:\/\/api.w.org\/{rel}","templated":true}]}}