{"id":1155,"date":"2020-05-29T20:29:50","date_gmt":"2020-05-29T20:29:50","guid":{"rendered":"https:\/\/qualitecelevadores.com.br\/Site\/?page_id=1155"},"modified":"2020-06-12T18:12:34","modified_gmt":"2020-06-12T18:12:34","slug":"politica-de-qualidade","status":"publish","type":"page","link":"https:\/\/qualitecelevadores.com.br\/Site\/empresa\/politica-de-qualidade\/","title":{"rendered":"Politica de Qualidade"},"content":{"rendered":"<p>[vc_row][vc_column width=&#8221;2\/3&#8243;][vc_column_text]<\/p>\n<p class=\"yiv6008665475MsoNormal\">\u201cPrestar Servi\u00e7os de manuten\u00e7\u00e3o em elevadores, plataforma elevat\u00f3ria e escada rolante, buscando:<\/p>\n<p class=\"yiv6008665475MsoNormal\">\u2022 Satisfazer os clientes, por meio da qualidade no atendimento;<\/p>\n<p class=\"yiv6008665475MsoNormal\">\u2022 Promover a capacita\u00e7\u00e3o das equipes;<\/p>\n<p class=\"yiv6008665475MsoNormal\">\u2022 Comprometer-se com o atendimento aos requisitos aplic\u00e1veis;<\/p>\n<p>\u2022 Melhorar continuamente os processos de SGQ;[\/vc_column_text][\/vc_column][vc_column width=&#8221;1\/3&#8243;]<div id='ins-heading-69d0336fe4297' class='section-heading ins-heading text-center enable-border   '  style='margin-top:0; margin-bottom:0'><h4 class=' section-heading-title  default no-letter-spacing '><\/p>\n<h4 class=\" section-heading-title default no-letter-spacing \">Selo de Qualidade!<\/h4>\n<p><\/h4><\/div><script type=\"text\/javascript\">\n\t\t(function(jQuery) {jQuery(\"head\").append(\"<style>#ins-heading-69d0336fe4297 .section-heading-subtitle {font-size: 14px; line-height: 26px;}<\/style>\")\n\t\t\t\t\t})(jQuery);\n\t\t\t\t\t\t<\/script>[vc_single_image image=&#8221;1180&#8243; img_size=&#8221;300&#215;327&#8243; alignment=&#8221;center&#8221;][\/vc_column][\/vc_row]<\/p>\n","protected":false},"excerpt":{"rendered":"<p>[vc_row][vc_column width=&#8221;2\/3&#8243;][vc_column_text] \u201cPrestar Servi\u00e7os de manuten\u00e7\u00e3o em elevadores, plataforma elevat\u00f3ria e escada rolante, buscando: \u2022 Satisfazer os clientes, por meio<\/p>\n","protected":false},"author":1,"featured_media":0,"parent":174,"menu_order":0,"comment_status":"closed","ping_status":"closed","template":"","meta":[],"_links":{"self":[{"href":"https:\/\/qualitecelevadores.com.br\/Site\/wp-json\/wp\/v2\/pages\/1155"}],"collection":[{"href":"https:\/\/qualitecelevadores.com.br\/Site\/wp-json\/wp\/v2\/pages"}],"about":[{"href":"https:\/\/qualitecelevadores.com.br\/Site\/wp-json\/wp\/v2\/types\/page"}],"author":[{"embeddable":true,"href":"https:\/\/qualitecelevadores.com.br\/Site\/wp-json\/wp\/v2\/users\/1"}],"replies":[{"embeddable":true,"href":"https:\/\/qualitecelevadores.com.br\/Site\/wp-json\/wp\/v2\/comments?post=1155"}],"version-history":[{"count":2,"href":"https:\/\/qualitecelevadores.com.br\/Site\/wp-json\/wp\/v2\/pages\/1155\/revisions"}],"predecessor-version":[{"id":1187,"href":"https:\/\/qualitecelevadores.com.br\/Site\/wp-json\/wp\/v2\/pages\/1155\/revisions\/1187"}],"up":[{"embeddable":true,"href":"https:\/\/qualitecelevadores.com.br\/Site\/wp-json\/wp\/v2\/pages\/174"}],"wp:attachment":[{"href":"https:\/\/qualitecelevadores.com.br\/Site\/wp-json\/wp\/v2\/media?parent=1155"}],"curies":[{"name":"wp","href":"https:\/\/api.w.org\/{rel}","templated":true}]}}