{"id":1153,"date":"2020-05-29T20:28:10","date_gmt":"2020-05-29T20:28:10","guid":{"rendered":"https:\/\/qualitecelevadores.com.br\/Site\/?page_id=1153"},"modified":"2020-06-12T18:12:01","modified_gmt":"2020-06-12T18:12:01","slug":"visao","status":"publish","type":"page","link":"https:\/\/qualitecelevadores.com.br\/Site\/empresa\/visao\/","title":{"rendered":"Vis\u00e3o"},"content":{"rendered":"<p>[vc_row][vc_column width=&#8221;2\/3&#8243;][vc_column_text]\u201cSer refer\u00eancia em qualidade no mercado capixaba, voltado ao transporte vertical de pessoas e cargas, atrav\u00e9s da compet\u00eancia t\u00e9cnica de sua equipe e pelos valores que pr atica.[\/vc_column_text][\/vc_column][vc_column width=&#8221;1\/3&#8243;]<div id='ins-heading-69d0337279885' class='section-heading ins-heading text-center enable-border   '  style='margin-top:0; margin-bottom:0'><h4 class=' section-heading-title  default no-letter-spacing '><\/p>\n<h4 class=\" section-heading-title default no-letter-spacing \">Selo de Qualidade!<\/h4>\n<p><\/h4><\/div><script type=\"text\/javascript\">\n\t\t(function(jQuery) {jQuery(\"head\").append(\"<style>#ins-heading-69d0337279885 .section-heading-subtitle {font-size: 14px; line-height: 26px;}<\/style>\")\n\t\t\t\t\t})(jQuery);\n\t\t\t\t\t\t<\/script>[vc_single_image image=&#8221;1180&#8243; img_size=&#8221;300&#215;327&#8243; alignment=&#8221;center&#8221;][\/vc_column][\/vc_row]<\/p>\n","protected":false},"excerpt":{"rendered":"<p>[vc_row][vc_column width=&#8221;2\/3&#8243;][vc_column_text]\u201cSer refer\u00eancia em qualidade no mercado capixaba, voltado ao transporte vertical de pessoas e cargas, atrav\u00e9s da compet\u00eancia t\u00e9cnica<\/p>\n","protected":false},"author":1,"featured_media":0,"parent":174,"menu_order":0,"comment_status":"closed","ping_status":"closed","template":"","meta":[],"_links":{"self":[{"href":"https:\/\/qualitecelevadores.com.br\/Site\/wp-json\/wp\/v2\/pages\/1153"}],"collection":[{"href":"https:\/\/qualitecelevadores.com.br\/Site\/wp-json\/wp\/v2\/pages"}],"about":[{"href":"https:\/\/qualitecelevadores.com.br\/Site\/wp-json\/wp\/v2\/types\/page"}],"author":[{"embeddable":true,"href":"https:\/\/qualitecelevadores.com.br\/Site\/wp-json\/wp\/v2\/users\/1"}],"replies":[{"embeddable":true,"href":"https:\/\/qualitecelevadores.com.br\/Site\/wp-json\/wp\/v2\/comments?post=1153"}],"version-history":[{"count":4,"href":"https:\/\/qualitecelevadores.com.br\/Site\/wp-json\/wp\/v2\/pages\/1153\/revisions"}],"predecessor-version":[{"id":1186,"href":"https:\/\/qualitecelevadores.com.br\/Site\/wp-json\/wp\/v2\/pages\/1153\/revisions\/1186"}],"up":[{"embeddable":true,"href":"https:\/\/qualitecelevadores.com.br\/Site\/wp-json\/wp\/v2\/pages\/174"}],"wp:attachment":[{"href":"https:\/\/qualitecelevadores.com.br\/Site\/wp-json\/wp\/v2\/media?parent=1153"}],"curies":[{"name":"wp","href":"https:\/\/api.w.org\/{rel}","templated":true}]}}