{"id":1138,"date":"2020-05-29T20:24:10","date_gmt":"2020-05-29T20:24:10","guid":{"rendered":"https:\/\/qualitecelevadores.com.br\/Site\/?page_id=1138"},"modified":"2020-06-12T18:10:25","modified_gmt":"2020-06-12T18:10:25","slug":"quem-somos","status":"publish","type":"page","link":"https:\/\/qualitecelevadores.com.br\/Site\/empresa\/quem-somos\/","title":{"rendered":"Quem Somos"},"content":{"rendered":"<p>[vc_row][vc_column width=&#8221;2\/3&#8243;][vc_column_text]Fundada em 19 de julho de 2009, com in\u00edcio de suas atividades no mercado de manuten\u00e7\u00e3o preventiva e corretiva em elevadores no ano de 2013, a Qualitec elevadores vem se destacando no mercado oferecendo qualidade em seus atendimentos preventivos e corretivos e trabalhando em parceria com seus clientes e fornecedores.<\/p>\n<p>Desde o in\u00edcio de sua atividade, a empresa vem investindo em capacita\u00e7\u00e3o de sua equipe, adquirindo novas tecnologias, se especializando cada vez mais para melhor atender aos seus interessados.[\/vc_column_text][\/vc_column][vc_column width=&#8221;1\/3&#8243;]<div id='ins-heading-69d033736d115' class='section-heading ins-heading text-center enable-border   '  style='margin-top:0; margin-bottom:0'><h4 class=' section-heading-title  default no-letter-spacing '><\/p>\n<h4 class=\" section-heading-title default no-letter-spacing \">Selo de Qualidade!<\/h4>\n<p><\/h4><\/div><script type=\"text\/javascript\">\n\t\t(function(jQuery) {jQuery(\"head\").append(\"<style>#ins-heading-69d033736d115 .section-heading-subtitle {font-size: 14px; line-height: 26px;}<\/style>\")\n\t\t\t\t\t})(jQuery);\n\t\t\t\t\t\t<\/script>[vc_single_image image=&#8221;1180&#8243; img_size=&#8221;300&#215;327&#8243; alignment=&#8221;center&#8221;][\/vc_column][\/vc_row]<\/p>\n","protected":false},"excerpt":{"rendered":"<p>[vc_row][vc_column width=&#8221;2\/3&#8243;][vc_column_text]Fundada em 19 de julho de 2009, com in\u00edcio de suas atividades no mercado de manuten\u00e7\u00e3o preventiva e corretiva<\/p>\n","protected":false},"author":1,"featured_media":0,"parent":174,"menu_order":0,"comment_status":"closed","ping_status":"closed","template":"","meta":[],"_links":{"self":[{"href":"https:\/\/qualitecelevadores.com.br\/Site\/wp-json\/wp\/v2\/pages\/1138"}],"collection":[{"href":"https:\/\/qualitecelevadores.com.br\/Site\/wp-json\/wp\/v2\/pages"}],"about":[{"href":"https:\/\/qualitecelevadores.com.br\/Site\/wp-json\/wp\/v2\/types\/page"}],"author":[{"embeddable":true,"href":"https:\/\/qualitecelevadores.com.br\/Site\/wp-json\/wp\/v2\/users\/1"}],"replies":[{"embeddable":true,"href":"https:\/\/qualitecelevadores.com.br\/Site\/wp-json\/wp\/v2\/comments?post=1138"}],"version-history":[{"count":8,"href":"https:\/\/qualitecelevadores.com.br\/Site\/wp-json\/wp\/v2\/pages\/1138\/revisions"}],"predecessor-version":[{"id":1182,"href":"https:\/\/qualitecelevadores.com.br\/Site\/wp-json\/wp\/v2\/pages\/1138\/revisions\/1182"}],"up":[{"embeddable":true,"href":"https:\/\/qualitecelevadores.com.br\/Site\/wp-json\/wp\/v2\/pages\/174"}],"wp:attachment":[{"href":"https:\/\/qualitecelevadores.com.br\/Site\/wp-json\/wp\/v2\/media?parent=1138"}],"curies":[{"name":"wp","href":"https:\/\/api.w.org\/{rel}","templated":true}]}}